{"id":1999,"date":"2024-01-11T13:48:01","date_gmt":"2024-01-11T13:48:01","guid":{"rendered":"https:\/\/thepixelcurve.com\/edubin\/lp\/?page_id=1999"},"modified":"2025-11-07T12:25:16","modified_gmt":"2025-11-07T17:25:16","slug":"nosotros","status":"publish","type":"page","link":"https:\/\/innovatedotic.com\/portalweb\/nosotros\/","title":{"rendered":"NOSOTROS"},"content":{"rendered":"\t\t<div data-elementor-type=\"wp-page\" data-elementor-id=\"1999\" class=\"elementor elementor-1999\" data-elementor-post-type=\"page\">\n\t\t\t\t<div class=\"elementor-element elementor-element-c90212a e-flex e-con-boxed e-con e-parent\" data-id=\"c90212a\" data-element_type=\"container\" data-settings=\"{&quot;background_background&quot;:&quot;classic&quot;}\">\n\t\t\t\t\t<div class=\"e-con-inner\">\n\t\t<div class=\"elementor-element elementor-element-0d186a7 e-con-full e-flex e-con e-child\" data-id=\"0d186a7\" data-element_type=\"container\">\n\t\t<div class=\"elementor-element elementor-element-c89f2a1 e-con-full e-flex elementor-invisible e-con e-child\" data-id=\"c89f2a1\" data-element_type=\"container\" data-settings=\"{&quot;animation&quot;:&quot;edubin--slide-up&quot;,&quot;animation_delay&quot;:150}\">\n\t\t\t\t<div class=\"elementor-element elementor-element-1862c7b elementor-widget__width-initial elementor-widget elementor-widget-custom-title-addons\" data-id=\"1862c7b\" data-element_type=\"widget\" data-widget_type=\"custom-title-addons.default\">\n\t\t\t\t<div class=\"elementor-widget-container\">\n\t\t\t\t\t<div class=\"tpc-double_heading\"><div class=\"dbl__subtitle\"><span>\u00bfQui\u00e9nes Somos?<\/span><\/div><h3 class=\"dbl__title-wrapper\"><span class=\"dbl__title dbl-title_1\">Bienvenidos a Inn\u00f3vate DoTIC <\/span><\/h3><\/div>\t\t\t\t<\/div>\n\t\t\t\t<\/div>\n\t\t<div class=\"elementor-element elementor-element-f7fb3e4 e-con-full e-flex e-con e-child\" data-id=\"f7fb3e4\" data-element_type=\"container\">\n\t\t\t\t<div class=\"elementor-element elementor-element-c9ed364 elementor-widget elementor-widget-text-editor\" data-id=\"c9ed364\" data-element_type=\"widget\" data-widget_type=\"text-editor.default\">\n\t\t\t\t<div class=\"elementor-widget-container\">\n\t\t\t\t\t\t\t\t\t<p><strong><span style=\"color: #000080;\">Inn\u00f3vate DoTIC <\/span><\/strong><em>(Innovaci\u00f3n y Desarrollo en Tecnolog\u00edas de la Informaci\u00f3n y la Comunicaci\u00f3n)<\/em>\u00a0es una iniciativa educativa y tecnol\u00f3gica orientada a la <strong>transformaci\u00f3n digital<\/strong> de los procesos de ense\u00f1anza y aprendizaje en contextos escolares, pastorales y comunitarios. Su prop\u00f3sito es <strong>impulsar la innovaci\u00f3n educativa<\/strong> mediante el uso estrat\u00e9gico de herramientas digitales, inteligencia artificial, programaci\u00f3n, y mantenimiento de hardware, con un enfoque pr\u00e1ctico, inclusivo y contextualizado.<\/p><p>A trav\u00e9s de programas de <strong>capacitaci\u00f3n, asesor\u00eda y acompa\u00f1amiento t\u00e9cnico<\/strong>, inn\u00f3vate DoTIC capacita a <strong>docentes, directores, l\u00edderes pastorales y estudiantes<\/strong> para que integren las tecnolog\u00edas de la informaci\u00f3n y comunicaci\u00f3n (TIC) en sus actividades formativas, fomentando el desarrollo de competencias digitales, pensamiento cr\u00edtico y aprendizaje aut\u00f3nomo.<\/p><p><strong>Inn\u00f3vate DoTIC<\/strong> cree que la tecnolog\u00eda es una herramienta para la equidad y la excelencia educativa, y trabaja para ponerla al servicio del aprendizaje, la fe y el desarrollo humano integral.<\/p>\t\t\t\t\t\t\t\t<\/div>\n\t\t\t\t<\/div>\n\t\t\t\t<div class=\"elementor-element elementor-element-8764c82 elementor-invisible elementor-widget elementor-widget-edubin-button\" data-id=\"8764c82\" data-element_type=\"widget\" data-settings=\"{&quot;_animation&quot;:&quot;edubin--slide-up&quot;,&quot;_animation_delay&quot;:150}\" data-widget_type=\"edubin-button.default\">\n\t\t\t\t<div class=\"elementor-widget-container\">\n\t\t\t\t\t<div class=\"edubin-button-widget-wrapper\"><a class=\"edubin-btn edubin-btn-custom edubin-btn-size-custom\" href=\"https:\/\/api.whatsapp.com\/send?phone=51912500984\" target=\"_blank\">CONT\u00c1CTANOS<\/a><\/div>\t\t\t\t<\/div>\n\t\t\t\t<\/div>\n\t\t\t\t<\/div>\n\t\t\t\t<\/div>\n\t\t\t\t<div class=\"elementor-element elementor-element-99e6724 elementor-widget elementor-widget-image\" data-id=\"99e6724\" data-element_type=\"widget\" data-widget_type=\"image.default\">\n\t\t\t\t<div class=\"elementor-widget-container\">\n\t\t\t\t\t\t\t\t\t\t\t\t\t\t\t<img fetchpriority=\"high\" decoding=\"async\" width=\"1707\" height=\"2560\" src=\"https:\/\/innovatedotic.com\/portalweb\/wp-content\/uploads\/2025\/11\/amigos-usando-el-ordenador-portatil-scaled.jpg\" class=\"attachment-full size-full wp-image-20089\" alt=\"\" srcset=\"https:\/\/innovatedotic.com\/portalweb\/wp-content\/uploads\/2025\/11\/amigos-usando-el-ordenador-portatil-scaled.jpg 1707w, https:\/\/innovatedotic.com\/portalweb\/wp-content\/uploads\/2025\/11\/amigos-usando-el-ordenador-portatil-200x300.jpg 200w, https:\/\/innovatedotic.com\/portalweb\/wp-content\/uploads\/2025\/11\/amigos-usando-el-ordenador-portatil-683x1024.jpg 683w, https:\/\/innovatedotic.com\/portalweb\/wp-content\/uploads\/2025\/11\/amigos-usando-el-ordenador-portatil-768x1152.jpg 768w, https:\/\/innovatedotic.com\/portalweb\/wp-content\/uploads\/2025\/11\/amigos-usando-el-ordenador-portatil-1024x1536.jpg 1024w, https:\/\/innovatedotic.com\/portalweb\/wp-content\/uploads\/2025\/11\/amigos-usando-el-ordenador-portatil-1365x2048.jpg 1365w, https:\/\/innovatedotic.com\/portalweb\/wp-content\/uploads\/2025\/11\/amigos-usando-el-ordenador-portatil-600x900.jpg 600w\" sizes=\"(max-width: 1707px) 100vw, 1707px\" \/>\t\t\t\t\t\t\t\t\t\t\t\t\t\t\t<\/div>\n\t\t\t\t<\/div>\n\t\t\t\t<\/div>\n\t\t\t\t\t<\/div>\n\t\t\t\t<\/div>\n\t\t<div class=\"elementor-element elementor-element-f5ab19e e-flex e-con-boxed e-con e-parent\" data-id=\"f5ab19e\" data-element_type=\"container\">\n\t\t\t\t\t<div class=\"e-con-inner\">\n\t\t<div class=\"elementor-element elementor-element-9e90415 e-con-full e-flex elementor-invisible e-con e-child\" data-id=\"9e90415\" data-element_type=\"container\" data-settings=\"{&quot;animation&quot;:&quot;edubin--slide-up&quot;,&quot;animation_delay&quot;:150}\">\n\t\t\t\t<div class=\"elementor-element elementor-element-74852c4 elementor-widget elementor-widget-custom-title-addons\" data-id=\"74852c4\" data-element_type=\"widget\" data-widget_type=\"custom-title-addons.default\">\n\t\t\t\t<div class=\"elementor-widget-container\">\n\t\t\t\t\t<div class=\"tpc-double_heading\"><div class=\"dbl__subtitle\"><span>01<\/span><\/div><h3 class=\"dbl__title-wrapper\"><span class=\"dbl__title dbl-title_1\">MISI\u00d3N<\/span><\/h3><\/div>\t\t\t\t<\/div>\n\t\t\t\t<\/div>\n\t\t\t\t<div class=\"elementor-element elementor-element-6e8270b elementor-widget elementor-widget-text-editor\" data-id=\"6e8270b\" data-element_type=\"widget\" data-widget_type=\"text-editor.default\">\n\t\t\t\t<div class=\"elementor-widget-container\">\n\t\t\t\t\t\t\t\t\t<p><span style=\"color: #000080;\"><strong>Inn\u00f3vate DoTIC<\/strong> <\/span>tiene como misi\u00f3n impulsar la transformaci\u00f3n educativa y digital mediante la integraci\u00f3n de las Tecnolog\u00edas de la Informaci\u00f3n y la Comunicaci\u00f3n (TIC), la inteligencia artificial aplicada y la innovaci\u00f3n pedag\u00f3gica, brindando capacitaci\u00f3n, asesor\u00eda y recursos tecnol\u00f3gicos a docentes, directivos, estudiantes y l\u00edderes pastorales, para fortalecer la ense\u00f1anza, la gesti\u00f3n institucional y el aprendizaje significativo.<\/p>\t\t\t\t\t\t\t\t<\/div>\n\t\t\t\t<\/div>\n\t\t\t\t<\/div>\n\t\t<div class=\"elementor-element elementor-element-f4fcb5f e-con-full e-flex elementor-invisible e-con e-child\" data-id=\"f4fcb5f\" data-element_type=\"container\" data-settings=\"{&quot;animation&quot;:&quot;edubin--slide-up&quot;,&quot;animation_delay&quot;:150}\">\n\t\t\t\t<div class=\"elementor-element elementor-element-46e610a elementor-widget elementor-widget-custom-title-addons\" data-id=\"46e610a\" data-element_type=\"widget\" data-widget_type=\"custom-title-addons.default\">\n\t\t\t\t<div class=\"elementor-widget-container\">\n\t\t\t\t\t<div class=\"tpc-double_heading\"><div class=\"dbl__subtitle\"><span>02<\/span><\/div><h3 class=\"dbl__title-wrapper\"><span class=\"dbl__title dbl-title_1\">VISI\u00d3N<\/span><\/h3><\/div>\t\t\t\t<\/div>\n\t\t\t\t<\/div>\n\t\t\t\t<div class=\"elementor-element elementor-element-dd42670 elementor-widget elementor-widget-text-editor\" data-id=\"dd42670\" data-element_type=\"widget\" data-widget_type=\"text-editor.default\">\n\t\t\t\t<div class=\"elementor-widget-container\">\n\t\t\t\t\t\t\t\t\t<p>Ser una instituci\u00f3n l\u00edder en innovaci\u00f3n educativa y tecnol\u00f3gica en el Per\u00fa y Am\u00e9rica Latina, reconocida por su compromiso en la formaci\u00f3n digital de comunidades educativas y pastorales, y por su contribuci\u00f3n al desarrollo de entornos de aprendizaje inclusivos, sostenibles y transformadores, donde la tecnolog\u00eda est\u00e9 al servicio del conocimiento, la fe y la sociedad.<\/p>\t\t\t\t\t\t\t\t<\/div>\n\t\t\t\t<\/div>\n\t\t\t\t<\/div>\n\t\t\t\t\t<\/div>\n\t\t\t\t<\/div>\n\t\t<div class=\"elementor-element elementor-element-4992906 e-flex e-con-boxed e-con e-parent\" data-id=\"4992906\" data-element_type=\"container\">\n\t\t\t\t\t<div class=\"e-con-inner\">\n\t\t<div class=\"elementor-element elementor-element-8a0bdf2 e-con-full e-flex elementor-invisible e-con e-child\" data-id=\"8a0bdf2\" data-element_type=\"container\" data-settings=\"{&quot;animation&quot;:&quot;edubin--slide-up&quot;,&quot;animation_delay&quot;:150}\">\n\t\t\t\t<div class=\"elementor-element elementor-element-d483d15 elementor-widget elementor-widget-custom-title-addons\" data-id=\"d483d15\" data-element_type=\"widget\" data-widget_type=\"custom-title-addons.default\">\n\t\t\t\t<div class=\"elementor-widget-container\">\n\t\t\t\t\t<div class=\"tpc-double_heading\"><div class=\"dbl__subtitle\"><span>03<\/span><\/div><h3 class=\"dbl__title-wrapper\"><span class=\"dbl__title dbl-title_1\">VALORES<\/span><\/h3><\/div>\t\t\t\t<\/div>\n\t\t\t\t<\/div>\n\t\t\t\t<div class=\"elementor-element elementor-element-3e8d25c elementor-widget elementor-widget-text-editor\" data-id=\"3e8d25c\" data-element_type=\"widget\" data-widget_type=\"text-editor.default\">\n\t\t\t\t<div class=\"elementor-widget-container\">\n\t\t\t\t\t\t\t\t\t<ul><li><strong>Innovaci\u00f3n:<\/strong> Buscamos nuevas formas de ense\u00f1ar, aprender y transformar mediante la tecnolog\u00eda.<\/li><li><strong>Compromiso:<\/strong> Trabajamos con responsabilidad y pasi\u00f3n por la mejora educativa y social.<\/li><li><strong>Colaboraci\u00f3n:<\/strong> Creemos en el trabajo en equipo, la participaci\u00f3n y el intercambio de saberes.<\/li><li><strong>Excelencia:<\/strong> Promovemos la calidad y la mejora continua en cada proyecto o capacitaci\u00f3n.<\/li><li><strong>Inclusi\u00f3n:<\/strong> Garantizamos oportunidades de aprendizaje para todos, sin distinci\u00f3n de origen o contexto.<\/li><li><strong>\u00c9tica Digital:<\/strong> Promovemos el uso responsable, seguro y consciente de la tecnolog\u00eda.<\/li><li><strong>Fe y servicio:<\/strong> Inspirados en principios cristianos, ponemos la tecnolog\u00eda al servicio del bien com\u00fan y el desarrollo integral de las personas.<\/li><\/ul>\t\t\t\t\t\t\t\t<\/div>\n\t\t\t\t<\/div>\n\t\t\t\t<\/div>\n\t\t<div class=\"elementor-element elementor-element-9256f5f e-con-full e-flex e-con e-child\" data-id=\"9256f5f\" data-element_type=\"container\">\n\t\t\t\t<div class=\"elementor-element elementor-element-dbb0a5e elementor-widget elementor-widget-custom-title-addons\" data-id=\"dbb0a5e\" data-element_type=\"widget\" data-widget_type=\"custom-title-addons.default\">\n\t\t\t\t<div class=\"elementor-widget-container\">\n\t\t\t\t\t<div class=\"tpc-double_heading\"><div class=\"dbl__subtitle\"><span>04<\/span><\/div><h3 class=\"dbl__title-wrapper\"><span class=\"dbl__title dbl-title_1\">OBJETIVOS<\/span><\/h3><\/div>\t\t\t\t<\/div>\n\t\t\t\t<\/div>\n\t\t\t\t<div class=\"elementor-element elementor-element-79c4b78 elementor-widget elementor-widget-text-editor\" data-id=\"79c4b78\" data-element_type=\"widget\" data-widget_type=\"text-editor.default\">\n\t\t\t\t<div class=\"elementor-widget-container\">\n\t\t\t\t\t\t\t\t\t<ol><li><strong>Fortalecer <\/strong>el uso pedag\u00f3gico de las TIC en aulas presenciales, virtuales e h\u00edbridas.<\/li><li><strong>Capacitar<\/strong> a docentes, l\u00edderes y estudiantes en el uso pedag\u00f3gico y \u00e9tico de las TIC, inteligencia artificial y recursos digitales.<\/li><li><strong>Promover<\/strong> la creaci\u00f3n de entornos personales y virtuales de aprendizaje (PLE y AVA) que fomenten la autonom\u00eda y la colaboraci\u00f3n.<\/li><li><strong>Dise\u00f1ar y ejecutar<\/strong> proyectos de innovaci\u00f3n educativa y tecnol\u00f3gica adaptados a las necesidades de cada instituci\u00f3n o comunidad.<\/li><li><strong>Desarrollar competencias digitales<\/strong> que fortalezcan la ense\u00f1anza, la gesti\u00f3n educativa y la comunicaci\u00f3n institucional.<\/li><li><strong>Fomentar<\/strong> el pensamiento cr\u00edtico, la creatividad y la \u00e9tica digital en el proceso de ense\u00f1anza-aprendizaje.<\/li><li><strong>Ofrecer<\/strong> soluciones tecnol\u00f3gicas personalizadas para instituciones educativas y organizaciones religiosas.<\/li><\/ol>\t\t\t\t\t\t\t\t<\/div>\n\t\t\t\t<\/div>\n\t\t\t\t<\/div>\n\t\t\t\t\t<\/div>\n\t\t\t\t<\/div>\n\t\t<div class=\"elementor-element elementor-element-faefbcf e-flex e-con-boxed e-con e-parent\" data-id=\"faefbcf\" data-element_type=\"container\" data-settings=\"{&quot;background_background&quot;:&quot;classic&quot;}\">\n\t\t\t\t\t<div class=\"e-con-inner\">\n\t\t\t\t<div class=\"elementor-element elementor-element-a75696a elementor-widget elementor-widget-heading\" data-id=\"a75696a\" data-element_type=\"widget\" data-widget_type=\"heading.default\">\n\t\t\t\t<div class=\"elementor-widget-container\">\n\t\t\t\t\t<h2 class=\"elementor-heading-title elementor-size-default\">IDENTIDAD INSTITUCIONAL DE INN\u00d3VATE DoTIC<\/h2>\t\t\t\t<\/div>\n\t\t\t\t<\/div>\n\t\t\t\t\t<\/div>\n\t\t\t\t<\/div>\n\t\t<div class=\"elementor-element elementor-element-866ef5a e-flex e-con-boxed e-con e-parent\" data-id=\"866ef5a\" data-element_type=\"container\" data-settings=\"{&quot;background_background&quot;:&quot;classic&quot;}\">\n\t\t\t\t\t<div class=\"e-con-inner\">\n\t\t\t\t<div class=\"elementor-element elementor-element-77e8d65 elementor-widget__width-initial elementor-widget elementor-widget-text-editor\" data-id=\"77e8d65\" data-element_type=\"widget\" data-widget_type=\"text-editor.default\">\n\t\t\t\t<div class=\"elementor-widget-container\">\n\t\t\t\t\t\t\t\t\t<p><span style=\"color: #000080;\"><strong>1.- Nombre institucional<br \/><\/strong><\/span><strong>Inn\u00f3vate DoTIC<br \/><\/strong><em>(Innovaci\u00f3n y Desarrollo en Tecnolog\u00edas de la Informaci\u00f3n y la Comunicaci\u00f3n)<\/em><\/p><p><span style=\"color: #000080;\"><strong>2.- Lema institucional<br \/><\/strong><\/span><em>\u201cTransformando la educaci\u00f3n con tecnolog\u00eda, creatividad y prop\u00f3sito.\u201d\u00a0<br \/><\/em>Este lema refleja el esp\u00edritu de inn\u00f3vate DoTIC: una organizaci\u00f3n que no solo usa la tecnolog\u00eda, sino que la integra con sentido humano, \u00e9tico y espiritual en cada proceso de ense\u00f1anza y aprendizaje.<\/p><p><span style=\"color: #000080;\"><strong>3.- Filosof\u00eda institucional<br \/><\/strong><\/span>En <span style=\"color: #000080;\"><strong>inn\u00f3vate DoTIC<\/strong><\/span>, creemos que la verdadera innovaci\u00f3n educativa nace cuando la tecnolog\u00eda se convierte en una herramienta de servicio y transformaci\u00f3n.<br \/>Nuestra filosof\u00eda se basa en tres pilares fundamentales:<\/p><ol><li style=\"list-style-type: none;\"><ol><li><strong>Fe:<\/strong> Inspirar una visi\u00f3n cristiana del conocimiento, donde la sabidur\u00eda y el servicio caminen juntos.<\/li><li><strong>Tecnolog\u00eda:<\/strong> Promover el uso consciente, \u00e9tico y creativo de las herramientas digitales.<\/li><li><strong>Educaci\u00f3n:<\/strong> Formar personas competentes, cr\u00edticas y solidarias, preparadas para los desaf\u00edos del siglo XXI.<\/li><\/ol><\/li><\/ol>\t\t\t\t\t\t\t\t<\/div>\n\t\t\t\t<\/div>\n\t\t\t\t<div class=\"elementor-element elementor-element-62df64c elementor-widget__width-initial elementor-widget elementor-widget-image\" data-id=\"62df64c\" data-element_type=\"widget\" data-widget_type=\"image.default\">\n\t\t\t\t<div class=\"elementor-widget-container\">\n\t\t\t\t\t\t\t\t\t\t\t\t\t\t\t<img decoding=\"async\" width=\"640\" height=\"964\" src=\"https:\/\/innovatedotic.com\/portalweb\/wp-content\/uploads\/2025\/11\/hombres-de-negocios-felices-que-presentan-en-la-camara-y-que-sostienen-las-tabletas-680x1024.jpg\" class=\"attachment-large size-large wp-image-20184\" alt=\"\" srcset=\"https:\/\/innovatedotic.com\/portalweb\/wp-content\/uploads\/2025\/11\/hombres-de-negocios-felices-que-presentan-en-la-camara-y-que-sostienen-las-tabletas-680x1024.jpg 680w, https:\/\/innovatedotic.com\/portalweb\/wp-content\/uploads\/2025\/11\/hombres-de-negocios-felices-que-presentan-en-la-camara-y-que-sostienen-las-tabletas-199x300.jpg 199w, https:\/\/innovatedotic.com\/portalweb\/wp-content\/uploads\/2025\/11\/hombres-de-negocios-felices-que-presentan-en-la-camara-y-que-sostienen-las-tabletas-768x1156.jpg 768w, https:\/\/innovatedotic.com\/portalweb\/wp-content\/uploads\/2025\/11\/hombres-de-negocios-felices-que-presentan-en-la-camara-y-que-sostienen-las-tabletas-1020x1536.jpg 1020w, https:\/\/innovatedotic.com\/portalweb\/wp-content\/uploads\/2025\/11\/hombres-de-negocios-felices-que-presentan-en-la-camara-y-que-sostienen-las-tabletas-1360x2048.jpg 1360w, https:\/\/innovatedotic.com\/portalweb\/wp-content\/uploads\/2025\/11\/hombres-de-negocios-felices-que-presentan-en-la-camara-y-que-sostienen-las-tabletas-600x903.jpg 600w, https:\/\/innovatedotic.com\/portalweb\/wp-content\/uploads\/2025\/11\/hombres-de-negocios-felices-que-presentan-en-la-camara-y-que-sostienen-las-tabletas-scaled.jpg 1700w\" sizes=\"(max-width: 640px) 100vw, 640px\" \/>\t\t\t\t\t\t\t\t\t\t\t\t\t\t\t<\/div>\n\t\t\t\t<\/div>\n\t\t\t\t\t<\/div>\n\t\t\t\t<\/div>\n\t\t<div class=\"elementor-element elementor-element-81e13eb e-flex e-con-boxed e-con e-parent\" data-id=\"81e13eb\" data-element_type=\"container\" data-settings=\"{&quot;background_background&quot;:&quot;classic&quot;}\">\n\t\t\t\t\t<div class=\"e-con-inner\">\n\t\t<div class=\"elementor-element elementor-element-87dff59 e-con-full e-flex e-con e-child\" data-id=\"87dff59\" data-element_type=\"container\">\n\t\t\t\t<div class=\"elementor-element elementor-element-cfca05e elementor-widget elementor-widget-image\" data-id=\"cfca05e\" data-element_type=\"widget\" data-widget_type=\"image.default\">\n\t\t\t\t<div class=\"elementor-widget-container\">\n\t\t\t\t\t\t\t\t\t\t\t\t\t\t\t<img decoding=\"async\" width=\"500\" height=\"500\" src=\"https:\/\/innovatedotic.com\/portalweb\/wp-content\/uploads\/2025\/11\/Innovate-DoTIC.png\" class=\"attachment-large size-large wp-image-20180\" alt=\"\" srcset=\"https:\/\/innovatedotic.com\/portalweb\/wp-content\/uploads\/2025\/11\/Innovate-DoTIC.png 500w, https:\/\/innovatedotic.com\/portalweb\/wp-content\/uploads\/2025\/11\/Innovate-DoTIC-300x300.png 300w, https:\/\/innovatedotic.com\/portalweb\/wp-content\/uploads\/2025\/11\/Innovate-DoTIC-150x150.png 150w, https:\/\/innovatedotic.com\/portalweb\/wp-content\/uploads\/2025\/11\/Innovate-DoTIC-100x100.png 100w, https:\/\/innovatedotic.com\/portalweb\/wp-content\/uploads\/2025\/11\/elementor\/thumbs\/Innovate-DoTIC-red5gi0j35gcck2by5o77ojperqfilswik1tfgry24.png 350w\" sizes=\"(max-width: 500px) 100vw, 500px\" \/>\t\t\t\t\t\t\t\t\t\t\t\t\t\t\t<\/div>\n\t\t\t\t<\/div>\n\t\t\t\t<\/div>\n\t\t<div class=\"elementor-element elementor-element-4d063c9 e-con-full e-flex e-con e-child\" data-id=\"4d063c9\" data-element_type=\"container\">\n\t\t\t\t<div class=\"elementor-element elementor-element-56cab6b elementor-widget elementor-widget-text-editor\" data-id=\"56cab6b\" data-element_type=\"widget\" data-widget_type=\"text-editor.default\">\n\t\t\t\t<div class=\"elementor-widget-container\">\n\t\t\t\t\t\t\t\t\t<p><strong><span style=\"color: #000080;\">4.- Logotipo (descripci\u00f3n conceptual)<\/span><br \/><\/strong>El logotipo de <strong>inn\u00f3vate DoTIC<\/strong> integra de manera arm\u00f3nica s\u00edmbolos espirituales, humanos y tecnol\u00f3gicos, reflejando la esencia de su identidad institucional: la uni\u00f3n entre Dios, la ciencia y la tecnolog\u00eda.<\/p><ul><li>La paloma, ubicada en la parte superior, representa la presencia del Esp\u00edritu Santo, fuente de sabidur\u00eda, inspiraci\u00f3n y gu\u00eda divina. Es el s\u00edmbolo de la gracia y el amor de Dios, que ilumina todo proceso de conocimiento y transformaci\u00f3n.<\/li><li>Las manos entrelazadas simbolizan el encuentro entre lo divino y lo humano, una alianza de cooperaci\u00f3n, fe y servicio. Expresan la integraci\u00f3n de la espiritualidad con la ciencia, del saber con la fe, y del docente con el aprendiz, promoviendo una comunidad educativa unida por valores cristianos y humanistas.<\/li><li>El globo terr\u00e1queo estilizado con l\u00edneas digitales representa el mundo globalizado y tecnol\u00f3gico, escenario donde se desarrollan los avances en TIC, inteligencia artificial e innovaci\u00f3n pedag\u00f3gica. Sus l\u00edneas aluden a la interconexi\u00f3n, el flujo de informaci\u00f3n y la expansi\u00f3n del conocimiento a nivel mundial.<\/li><\/ul>\t\t\t\t\t\t\t\t<\/div>\n\t\t\t\t<\/div>\n\t\t\t\t<\/div>\n\t\t\t\t\t<\/div>\n\t\t\t\t<\/div>\n\t\t<div class=\"elementor-element elementor-element-86e9e19 e-flex e-con-boxed e-con e-parent\" data-id=\"86e9e19\" data-element_type=\"container\" data-settings=\"{&quot;background_background&quot;:&quot;classic&quot;}\">\n\t\t\t\t\t<div class=\"e-con-inner\">\n\t\t\t\t<div class=\"elementor-element elementor-element-b723d0c elementor-widget elementor-widget-text-editor\" data-id=\"b723d0c\" data-element_type=\"widget\" data-widget_type=\"text-editor.default\">\n\t\t\t\t<div class=\"elementor-widget-container\">\n\t\t\t\t\t\t\t\t\t<p>El conjunto de estos elementos visuales comunica el prop\u00f3sito central de <strong>inn\u00f3vate DoTIC<\/strong>: <strong>integrar la fe, la ciencia y la tecnolog\u00eda<\/strong> bajo la gu\u00eda del Esp\u00edritu Santo, promoviendo el uso \u00e9tico, creativo y transformador de las herramientas digitales al servicio del desarrollo educativo y humano.<\/p><p>Los tonos de azul transmiten confianza, sabidur\u00eda, serenidad y profundidad; mientras que el dise\u00f1o circular simboliza la unidad, la continuidad del aprendizaje y la presencia divina que envuelve cada iniciativa.<\/p><p>En la base, el nombre \u201cinn\u00f3vate DoTIC\u201d acompa\u00f1ado del lema <em>\u201cDios, Ciencia y Tecnolog\u00eda\u201d<\/em>, reafirma la misi\u00f3n institucional de innovar con prop\u00f3sito, fe y conocimiento.<\/p>\t\t\t\t\t\t\t\t<\/div>\n\t\t\t\t<\/div>\n\t\t\t\t\t<\/div>\n\t\t\t\t<\/div>\n\t\t<div class=\"elementor-element elementor-element-d5fbfaf e-flex e-con-boxed e-con e-parent\" data-id=\"d5fbfaf\" data-element_type=\"container\" data-settings=\"{&quot;background_background&quot;:&quot;classic&quot;}\">\n\t\t\t\t\t<div class=\"e-con-inner\">\n\t\t\t\t<div class=\"elementor-element elementor-element-dd849d8 elementor-invisible elementor-widget elementor-widget-custom-title-addons\" data-id=\"dd849d8\" data-element_type=\"widget\" data-settings=\"{&quot;_animation&quot;:&quot;edubin--slide-up&quot;,&quot;_animation_delay&quot;:150}\" data-widget_type=\"custom-title-addons.default\">\n\t\t\t\t<div class=\"elementor-widget-container\">\n\t\t\t\t\t<div class=\"tpc-double_heading\"><h3 class=\"dbl__title-wrapper\"><span class=\"dbl__title dbl-title_1\">Nuestro Compromiso <\/span><\/h3><\/div>\t\t\t\t<\/div>\n\t\t\t\t<\/div>\n\t\t<div class=\"elementor-element elementor-element-1b4f002 e-con-full e-flex elementor-invisible e-con e-child\" data-id=\"1b4f002\" data-element_type=\"container\" data-settings=\"{&quot;animation&quot;:&quot;edubin--slide-up&quot;,&quot;animation_delay&quot;:150}\">\n\t\t\t\t<div class=\"elementor-element elementor-element-12639f2 elementor-widget elementor-widget-text-editor\" data-id=\"12639f2\" data-element_type=\"widget\" data-widget_type=\"text-editor.default\">\n\t\t\t\t<div class=\"elementor-widget-container\">\n\t\t\t\t\t\t\t\t\t<p><span style=\"color: #ffffff;\">Estamos comprometidos en <strong>cumplir<\/strong> con la visi\u00f3n y misi\u00f3n; as\u00ed como encauzar el \u00e9xito de los servidores p\u00fablicos participantes a trav\u00e9s de los talleres, cursos.<\/span><\/p>\t\t\t\t\t\t\t\t<\/div>\n\t\t\t\t<\/div>\n\t\t\t\t<div class=\"elementor-element elementor-element-5619438 elementor-align-center elementor-widget elementor-widget-button\" data-id=\"5619438\" data-element_type=\"widget\" data-widget_type=\"button.default\">\n\t\t\t\t<div class=\"elementor-widget-container\">\n\t\t\t\t\t\t\t\t\t<div class=\"elementor-button-wrapper\">\n\t\t\t\t\t<a class=\"elementor-button elementor-button-link elementor-size-sm\" href=\"https:\/\/api.whatsapp.com\/send?phone=51912500984\" target=\"_blank\">\n\t\t\t\t\t\t<span class=\"elementor-button-content-wrapper\">\n\t\t\t\t\t\t\t\t\t<span class=\"elementor-button-text\">CONT\u00c1CTANOS<\/span>\n\t\t\t\t\t<\/span>\n\t\t\t\t\t<\/a>\n\t\t\t\t<\/div>\n\t\t\t\t\t\t\t\t<\/div>\n\t\t\t\t<\/div>\n\t\t\t\t<\/div>\n\t\t\t\t\t<\/div>\n\t\t\t\t<\/div>\n\t\t\t\t<\/div>\n\t\t","protected":false},"excerpt":{"rendered":"<p>\u00bfQui\u00e9nes Somos? Bienvenidos a Inn\u00f3vate DoTIC Inn\u00f3vate DoTIC (Innovaci\u00f3n y Desarrollo en Tecnolog\u00edas de la Informaci\u00f3n y la Comunicaci\u00f3n)\u00a0es una iniciativa educativa y tecnol\u00f3gica orientada a la transformaci\u00f3n digital de los procesos de ense\u00f1anza y aprendizaje en contextos escolares, pastorales y comunitarios. Su prop\u00f3sito es impulsar la innovaci\u00f3n educativa mediante el uso estrat\u00e9gico de herramientas&#8230;<\/p>\n","protected":false},"author":1,"featured_media":0,"parent":0,"menu_order":0,"comment_status":"closed","ping_status":"closed","template":"","meta":{"_joinchat":[],"footnotes":""},"class_list":["post-1999","page","type-page","status-publish","hentry"],"_links":{"self":[{"href":"https:\/\/innovatedotic.com\/portalweb\/wp-json\/wp\/v2\/pages\/1999","targetHints":{"allow":["GET"]}}],"collection":[{"href":"https:\/\/innovatedotic.com\/portalweb\/wp-json\/wp\/v2\/pages"}],"about":[{"href":"https:\/\/innovatedotic.com\/portalweb\/wp-json\/wp\/v2\/types\/page"}],"author":[{"embeddable":true,"href":"https:\/\/innovatedotic.com\/portalweb\/wp-json\/wp\/v2\/users\/1"}],"replies":[{"embeddable":true,"href":"https:\/\/innovatedotic.com\/portalweb\/wp-json\/wp\/v2\/comments?post=1999"}],"version-history":[{"count":185,"href":"https:\/\/innovatedotic.com\/portalweb\/wp-json\/wp\/v2\/pages\/1999\/revisions"}],"predecessor-version":[{"id":20229,"href":"https:\/\/innovatedotic.com\/portalweb\/wp-json\/wp\/v2\/pages\/1999\/revisions\/20229"}],"wp:attachment":[{"href":"https:\/\/innovatedotic.com\/portalweb\/wp-json\/wp\/v2\/media?parent=1999"}],"curies":[{"name":"wp","href":"https:\/\/api.w.org\/{rel}","templated":true}]}}