{"id":2066,"date":"2024-01-14T07:42:38","date_gmt":"2024-01-14T07:42:38","guid":{"rendered":"https:\/\/thepixelcurve.com\/edubin\/lp\/?page_id=2066"},"modified":"2025-11-07T22:32:51","modified_gmt":"2025-11-08T03:32:51","slug":"contactos","status":"publish","type":"page","link":"https:\/\/innovatedotic.com\/portalweb\/contactos\/","title":{"rendered":"CONTACTOS"},"content":{"rendered":"\t\t<div data-elementor-type=\"wp-page\" data-elementor-id=\"2066\" class=\"elementor elementor-2066\" data-elementor-post-type=\"page\">\n\t\t\t\t<div class=\"elementor-element elementor-element-c57c72b e-flex e-con-boxed e-con e-parent\" data-id=\"c57c72b\" data-element_type=\"container\">\n\t\t\t\t\t<div class=\"e-con-inner\">\n\t\t<div class=\"elementor-element elementor-element-8a1935f e-con-full e-flex e-con e-child\" data-id=\"8a1935f\" data-element_type=\"container\">\n\t\t\t\t<div class=\"elementor-element elementor-element-9caa9a5 elementor-invisible elementor-widget elementor-widget-custom-title-addons\" data-id=\"9caa9a5\" data-element_type=\"widget\" data-settings=\"{&quot;_animation&quot;:&quot;edubin--slide-up&quot;}\" data-widget_type=\"custom-title-addons.default\">\n\t\t\t\t<div class=\"elementor-widget-container\">\n\t\t\t\t\t<div class=\"tpc-double_heading\"><h4 class=\"dbl__title-wrapper\"><span class=\"dbl__title dbl-title_1\">\u00a1PONTE EN CONTACTO CON NOSOTROS!<\/span><\/h4><\/div>\t\t\t\t<\/div>\n\t\t\t\t<\/div>\n\t\t\t\t<div class=\"elementor-element elementor-element-ba6b7d4 elementor-invisible elementor-widget elementor-widget-text-editor\" data-id=\"ba6b7d4\" data-element_type=\"widget\" data-settings=\"{&quot;_animation&quot;:&quot;edubin--slide-up&quot;}\" data-widget_type=\"text-editor.default\">\n\t\t\t\t<div class=\"elementor-widget-container\">\n\t\t\t\t\t\t\t\t\t<p>En<span style=\"color: #3366ff;\"><strong> Inn\u00f3vate DoTIC<\/strong><\/span>, estamos aqu\u00ed para resolver todas tus dudas, escuchar tus sugerencias y ofrecerte el mejor servicio. No dudes en comunicarte con nosotros.<\/p><p><strong>\u00bfC\u00f3mo podemos ayudarte?<\/strong><br \/>Nuestro equipo est\u00e1 listo para atenderte y brindarte una experiencia excepcional. Puedes contactarnos a trav\u00e9s de los siguientes medios:<\/p>\t\t\t\t\t\t\t\t<\/div>\n\t\t\t\t<\/div>\n\t\t\t\t<div class=\"elementor-element elementor-element-043b8dc elementor-widget elementor-widget-text-editor\" data-id=\"043b8dc\" data-element_type=\"widget\" data-widget_type=\"text-editor.default\">\n\t\t\t\t<div class=\"elementor-widget-container\">\n\t\t\t\t\t\t\t\t\t<p><strong>Ubicaci\u00f3n de la empresa<\/strong><\/p><p><img decoding=\"async\" class=\"emoji\" role=\"img\" draggable=\"false\" src=\"https:\/\/s.w.org\/images\/core\/emoji\/16.0.1\/svg\/1f4cd.svg\" alt=\"\ud83d\udccd\" \/> <strong>Sede Central:<\/strong><br \/>Calle Monz\u00f3n N.\u00ba 219, Llata \u2013 Provincia de Huamal\u00edes, Regi\u00f3n Hu\u00e1nuco, Per\u00fa.<\/p><p><img decoding=\"async\" class=\"emoji\" role=\"img\" draggable=\"false\" src=\"https:\/\/s.w.org\/images\/core\/emoji\/16.0.1\/svg\/1f4cd.svg\" alt=\"\ud83d\udccd\" \/> <strong>Oficina Virtual:<\/strong><br \/>Disponible para atenci\u00f3n en todo el Per\u00fa y Am\u00e9rica Latina a trav\u00e9s de nuestra <strong>Aula Virtual y plataforma digital:<\/strong><br \/><img decoding=\"async\" class=\"emoji\" role=\"img\" draggable=\"false\" src=\"https:\/\/s.w.org\/images\/core\/emoji\/16.0.1\/svg\/1f310.svg\" alt=\"\ud83c\udf10\" \/> <a href=\"https:\/\/www.innovatedotic.com\/\">www.innovatedotic.com<\/a><\/p><p><b>Tel\u00e9fonos y WhatsApp de contacto<br \/><\/b><img decoding=\"async\" class=\"emoji\" role=\"img\" draggable=\"false\" src=\"https:\/\/s.w.org\/images\/core\/emoji\/16.0.1\/svg\/1f4f1.svg\" alt=\"\ud83d\udcf1\" \/> <strong style=\"background-color: inherit;\">Celular 1:<\/strong><span style=\"background-color: inherit;\"> +51 912 500 984<br \/><\/span><img decoding=\"async\" class=\"emoji\" role=\"img\" draggable=\"false\" src=\"https:\/\/s.w.org\/images\/core\/emoji\/16.0.1\/svg\/1f4f1.svg\" alt=\"\ud83d\udcf1\" \/> <strong style=\"background-color: inherit;\">Celular 2 \/ WhatsApp:<\/strong><span style=\"background-color: inherit;\"> +51 917 091 405<\/span><\/p><p><img decoding=\"async\" class=\"emoji\" role=\"img\" draggable=\"false\" src=\"https:\/\/s.w.org\/images\/core\/emoji\/16.0.1\/svg\/1f4ac.svg\" alt=\"\ud83d\udcac\" \/> <em>Atendemos tambi\u00e9n por mensajes y videollamadas v\u00eda WhatsApp Business.<\/em><\/p><p><b>Correo corporativo:<br \/><\/b><img decoding=\"async\" class=\"emoji\" role=\"img\" draggable=\"false\" src=\"https:\/\/s.w.org\/images\/core\/emoji\/16.0.1\/svg\/2709.svg\" alt=\"\u2709\ufe0f\" \/> <a style=\"background-color: inherit;\" href=\"mailto:informes@innovatedotic.com\"><strong>informes@innovatedotic.com<\/strong><\/a>\u00a0&#8211;<span style=\"background-color: inherit;\">\u00a0<\/span><a style=\"background-color: inherit;\" href=\"mailto:innovatdotic@gmail.com\"><strong>innovatdotic@gmail.com<\/strong><\/a><\/p><p><em>Atenci\u00f3n personalizada para consultas acad\u00e9micas, alianzas institucionales, soporte t\u00e9cnico y programas de formaci\u00f3n.<\/em><\/p><p><b>Horario de atenci\u00f3n:<br \/><\/b><img decoding=\"async\" class=\"emoji\" role=\"img\" draggable=\"false\" src=\"https:\/\/s.w.org\/images\/core\/emoji\/16.0.1\/svg\/1f558.svg\" alt=\"\ud83d\udd58\" \/> <strong style=\"background-color: inherit;\">Lunes a Viernes:<\/strong><span style=\"background-color: inherit;\"> 8:00 a. m. \u2013 6:00 p. m.<\/span><\/p><p><img decoding=\"async\" class=\"emoji\" role=\"img\" draggable=\"false\" src=\"https:\/\/s.w.org\/images\/core\/emoji\/16.0.1\/svg\/1f559.svg\" alt=\"\ud83d\udd59\" \/> <strong>S\u00e1bados:<\/strong> 8:00 a. m. \u2013 1:00 p. m.<br \/><img decoding=\"async\" class=\"emoji\" role=\"img\" draggable=\"false\" src=\"https:\/\/s.w.org\/images\/core\/emoji\/16.0.1\/svg\/1f4c5.svg\" alt=\"\ud83d\udcc5\" \/> <em>Atenci\u00f3n especial previa cita para instituciones educativas y ministeriales.<\/em><\/p><p><b>Redes Sociales Oficiales:<br \/><\/b><span style=\"background-color: inherit;\">S\u00edguenos y s\u00e9 parte de nuestra comunidad digital:<br \/><\/span><img decoding=\"async\" class=\"emoji\" role=\"img\" draggable=\"false\" src=\"https:\/\/s.w.org\/images\/core\/emoji\/16.0.1\/svg\/1f535.svg\" alt=\"\ud83d\udd35\" \/> <strong style=\"background-color: inherit;\">Facebook:<\/strong> <a style=\"background-color: inherit;\" href=\"https:\/\/www.facebook.com\/InnovateDoTIC\">facebook.com\/InnovateDoTIC<\/a><br \/><img decoding=\"async\" class=\"emoji\" role=\"img\" draggable=\"false\" src=\"https:\/\/s.w.org\/images\/core\/emoji\/16.0.1\/svg\/1f3a5.svg\" alt=\"\ud83c\udfa5\" \/> <strong style=\"background-color: inherit;\">YouTube:<\/strong> <a style=\"background-color: inherit;\" href=\"https:\/\/www.youtube.com\/@InnovatDoTIC\">https:\/\/www.youtube.com\/@InnovatDoTIC<\/a><\/p>\t\t\t\t\t\t\t\t<\/div>\n\t\t\t\t<\/div>\n\t\t\t\t<\/div>\n\t\t<div class=\"elementor-element elementor-element-45fd5c1 e-con-full e-flex e-con e-child\" data-id=\"45fd5c1\" data-element_type=\"container\">\n\t\t\t\t<div class=\"elementor-element elementor-element-2616586 elementor-invisible elementor-widget elementor-widget-custom-title-addons\" data-id=\"2616586\" data-element_type=\"widget\" data-settings=\"{&quot;_animation&quot;:&quot;edubin--slide-up&quot;}\" data-widget_type=\"custom-title-addons.default\">\n\t\t\t\t<div class=\"elementor-widget-container\">\n\t\t\t\t\t<div class=\"tpc-double_heading\"><h2 class=\"dbl__title-wrapper\"><span class=\"dbl__title dbl-title_1\">D\u00e9janos tus datos y nos pondremos en contacto a la brevedad posible<\/span><\/h2><\/div>\t\t\t\t<\/div>\n\t\t\t\t<\/div>\n\t\t\t\t<div class=\"elementor-element elementor-element-e0f755b elementor-invisible elementor-widget elementor-widget-edubin-contactform-addons\" data-id=\"e0f755b\" data-element_type=\"widget\" data-settings=\"{&quot;_animation&quot;:&quot;edubin--slide-up&quot;}\" data-widget_type=\"edubin-contactform-addons.default\">\n\t\t\t\t<div class=\"elementor-widget-container\">\n\t\t\t\t\t<div class=\"edubin-form-wrapper\" >\n<div class=\"wpcf7 no-js\" id=\"wpcf7-f3343-o1\" lang=\"en-US\" dir=\"ltr\" data-wpcf7-id=\"3343\">\n<div class=\"screen-reader-response\"><p role=\"status\" aria-live=\"polite\" aria-atomic=\"true\"><\/p> <ul><\/ul><\/div>\n<form action=\"\/portalweb\/wp-json\/wp\/v2\/pages\/2066#wpcf7-f3343-o1\" method=\"post\" class=\"wpcf7-form init\" aria-label=\"Contact form\" novalidate=\"novalidate\" data-status=\"init\">\n<div style=\"display: none;\">\n<input type=\"hidden\" name=\"_wpcf7\" value=\"3343\" \/>\n<input type=\"hidden\" name=\"_wpcf7_version\" value=\"6.0.3\" \/>\n<input type=\"hidden\" name=\"_wpcf7_locale\" value=\"en_US\" \/>\n<input type=\"hidden\" name=\"_wpcf7_unit_tag\" value=\"wpcf7-f3343-o1\" \/>\n<input type=\"hidden\" name=\"_wpcf7_container_post\" value=\"0\" \/>\n<input type=\"hidden\" name=\"_wpcf7_posted_data_hash\" value=\"\" \/>\n<\/div>\n<div class=\"edubin-row\">\n\t<div class=\"edubin-col-md-6\">\n\t\t<p><span class=\"wpcf7-form-control-wrap\" data-name=\"first-name\"><input size=\"40\" maxlength=\"400\" class=\"wpcf7-form-control wpcf7-text wpcf7-validates-as-required\" aria-required=\"true\" aria-invalid=\"false\" placeholder=\"Nombres\" value=\"\" type=\"text\" name=\"first-name\" \/><\/span>\n\t\t<\/p>\n\t<\/div>\n\t<div class=\"edubin-col-md-6\">\n\t\t<p><span class=\"wpcf7-form-control-wrap\" data-name=\"last-name\"><input size=\"40\" maxlength=\"400\" class=\"wpcf7-form-control wpcf7-text wpcf7-validates-as-required\" aria-required=\"true\" aria-invalid=\"false\" placeholder=\"Apellidos\" value=\"\" type=\"text\" name=\"last-name\" \/><\/span>\n\t\t<\/p>\n\t<\/div>\n<\/div>\n<p><span class=\"wpcf7-form-control-wrap\" data-name=\"your-email\"><input size=\"40\" maxlength=\"400\" class=\"wpcf7-form-control wpcf7-email wpcf7-validates-as-required wpcf7-text wpcf7-validates-as-email\" aria-required=\"true\" aria-invalid=\"false\" placeholder=\"Tu Email\" value=\"\" type=\"email\" name=\"your-email\" \/><\/span>\n<\/p>\n<p><span class=\"wpcf7-form-control-wrap\" data-name=\"your-subject\"><input size=\"40\" maxlength=\"400\" class=\"wpcf7-form-control wpcf7-text wpcf7-validates-as-required\" aria-required=\"true\" aria-invalid=\"false\" placeholder=\"Asunto\" value=\"\" type=\"text\" name=\"your-subject\" \/><\/span>\n<\/p>\n<p><span class=\"wpcf7-form-control-wrap\" data-name=\"your-message\"><textarea cols=\"40\" rows=\"10\" maxlength=\"2000\" class=\"wpcf7-form-control wpcf7-textarea\" aria-invalid=\"false\" placeholder=\"Mensaje\" name=\"your-message\"><\/textarea><\/span>\n<\/p>\n<p><input class=\"wpcf7-form-control wpcf7-submit has-spinner\" type=\"submit\" value=\"ENVIAR CORREO\" \/>\n<\/p><div class=\"wpcf7-response-output\" aria-hidden=\"true\"><\/div>\n<\/form>\n<\/div>\n<\/div>\t\t\t\t<\/div>\n\t\t\t\t<\/div>\n\t\t\t\t<div class=\"elementor-element elementor-element-9aec11b elementor-invisible elementor-widget elementor-widget-custom-title-addons\" data-id=\"9aec11b\" data-element_type=\"widget\" data-settings=\"{&quot;_animation&quot;:&quot;edubin--slide-up&quot;}\" data-widget_type=\"custom-title-addons.default\">\n\t\t\t\t<div class=\"elementor-widget-container\">\n\t\t\t\t\t<div class=\"tpc-double_heading\"><h2 class=\"dbl__title-wrapper\"><span class=\"dbl__title dbl-title_1\">Ubicanos<\/span><\/h2><\/div>\t\t\t\t<\/div>\n\t\t\t\t<\/div>\n\t\t\t\t<div class=\"elementor-element elementor-element-10faa2f elementor-invisible elementor-widget elementor-widget-google_maps\" data-id=\"10faa2f\" data-element_type=\"widget\" data-settings=\"{&quot;_animation&quot;:&quot;edubin--slide-up&quot;}\" data-widget_type=\"google_maps.default\">\n\t\t\t\t<div class=\"elementor-widget-container\">\n\t\t\t\t\t\t\t<div class=\"elementor-custom-embed\">\n\t\t\t<iframe loading=\"lazy\"\n\t\t\t\t\tsrc=\"https:\/\/maps.google.com\/maps?q=Calle%20Monz%C3%B3n%20N.%C2%BA%20219%2C%20Llata%20%E2%80%93%20Provincia%20de%20Huamal%C3%ADes%2C%20Regi%C3%B3n%20Hu%C3%A1nuco%2C%20Per%C3%BA.&#038;t=m&#038;z=15&#038;output=embed&#038;iwloc=near\"\n\t\t\t\t\ttitle=\"Calle Monz\u00f3n N.\u00ba 219, Llata \u2013 Provincia de Huamal\u00edes, Regi\u00f3n Hu\u00e1nuco, Per\u00fa.\"\n\t\t\t\t\taria-label=\"Calle Monz\u00f3n N.\u00ba 219, Llata \u2013 Provincia de Huamal\u00edes, Regi\u00f3n Hu\u00e1nuco, Per\u00fa.\"\n\t\t\t><\/iframe>\n\t\t<\/div>\n\t\t\t\t\t\t<\/div>\n\t\t\t\t<\/div>\n\t\t\t\t<\/div>\n\t\t\t\t\t<\/div>\n\t\t\t\t<\/div>\n\t\t\t\t<\/div>\n\t\t","protected":false},"excerpt":{"rendered":"<p>\u00a1PONTE EN CONTACTO CON NOSOTROS! En Inn\u00f3vate DoTIC, estamos aqu\u00ed para resolver todas tus dudas, escuchar tus sugerencias y ofrecerte el mejor servicio. No dudes en comunicarte con nosotros. \u00bfC\u00f3mo podemos ayudarte?Nuestro equipo est\u00e1 listo para atenderte y brindarte una experiencia excepcional. Puedes contactarnos a trav\u00e9s de los siguientes medios: Ubicaci\u00f3n de la empresa Sede&#8230;<\/p>\n","protected":false},"author":1,"featured_media":0,"parent":0,"menu_order":0,"comment_status":"closed","ping_status":"closed","template":"","meta":{"_joinchat":[],"footnotes":""},"class_list":["post-2066","page","type-page","status-publish","hentry"],"_links":{"self":[{"href":"https:\/\/innovatedotic.com\/portalweb\/wp-json\/wp\/v2\/pages\/2066","targetHints":{"allow":["GET"]}}],"collection":[{"href":"https:\/\/innovatedotic.com\/portalweb\/wp-json\/wp\/v2\/pages"}],"about":[{"href":"https:\/\/innovatedotic.com\/portalweb\/wp-json\/wp\/v2\/types\/page"}],"author":[{"embeddable":true,"href":"https:\/\/innovatedotic.com\/portalweb\/wp-json\/wp\/v2\/users\/1"}],"replies":[{"embeddable":true,"href":"https:\/\/innovatedotic.com\/portalweb\/wp-json\/wp\/v2\/comments?post=2066"}],"version-history":[{"count":67,"href":"https:\/\/innovatedotic.com\/portalweb\/wp-json\/wp\/v2\/pages\/2066\/revisions"}],"predecessor-version":[{"id":20384,"href":"https:\/\/innovatedotic.com\/portalweb\/wp-json\/wp\/v2\/pages\/2066\/revisions\/20384"}],"wp:attachment":[{"href":"https:\/\/innovatedotic.com\/portalweb\/wp-json\/wp\/v2\/media?parent=2066"}],"curies":[{"name":"wp","href":"https:\/\/api.w.org\/{rel}","templated":true}]}}