{"id":2365,"date":"2024-01-15T10:41:55","date_gmt":"2024-01-15T10:41:55","guid":{"rendered":"https:\/\/thepixelcurve.com\/edubin\/lp\/?page_id=2365"},"modified":"2025-01-26T12:59:11","modified_gmt":"2025-01-26T17:59:11","slug":"noticias","status":"publish","type":"page","link":"https:\/\/innovatedotic.com\/portalweb\/noticias\/","title":{"rendered":"NOTICIAS"},"content":{"rendered":"\t\t<div data-elementor-type=\"wp-page\" data-elementor-id=\"2365\" class=\"elementor elementor-2365\" data-elementor-post-type=\"page\">\n\t\t\t\t<div class=\"elementor-element elementor-element-feb068c e-flex e-con-boxed e-con e-parent\" data-id=\"feb068c\" data-element_type=\"container\">\n\t\t\t\t\t<div class=\"e-con-inner\">\n\t\t\t\t<div class=\"elementor-element elementor-element-37edeae elementor-widget elementor-widget-edubin-latest-post\" data-id=\"37edeae\" data-element_type=\"widget\" data-widget_type=\"edubin-latest-post.default\">\n\t\t\t\t<div class=\"elementor-widget-container\">\n\t\t\t\t\t            \n            <div class=\"row tpc_g_30 edubin-latest-news layout-5\">\n    \n                    \n                    \n              \n                        <div class=\" edubin-col-12 edubin-col-sm-6 edubin-col-md-6 edubin-col-lg-4 4 \">\n                            <div class=\"single-news\"  data-sal>\n                                                                    <div class=\"news-thum\">\n                                        <a href=\"https:\/\/innovatedotic.com\/portalweb\/aprueba-la-guia-de-identificacion-humana-a-traves-del-metodo-dactiloscopico\/\">\n                                            <img fetchpriority=\"high\" decoding=\"async\" width=\"640\" height=\"428\" src=\"https:\/\/innovatedotic.com\/portalweb\/wp-content\/uploads\/2025\/11\/close-up-mujeres-adultas-navegando-juntas-por-una-computadora-portatil-768x513.jpg\" class=\"attachment-medium_large size-medium_large wp-post-image\" alt=\"\" srcset=\"https:\/\/innovatedotic.com\/portalweb\/wp-content\/uploads\/2025\/11\/close-up-mujeres-adultas-navegando-juntas-por-una-computadora-portatil-768x513.jpg 768w, https:\/\/innovatedotic.com\/portalweb\/wp-content\/uploads\/2025\/11\/close-up-mujeres-adultas-navegando-juntas-por-una-computadora-portatil-300x200.jpg 300w, https:\/\/innovatedotic.com\/portalweb\/wp-content\/uploads\/2025\/11\/close-up-mujeres-adultas-navegando-juntas-por-una-computadora-portatil-1024x683.jpg 1024w, https:\/\/innovatedotic.com\/portalweb\/wp-content\/uploads\/2025\/11\/close-up-mujeres-adultas-navegando-juntas-por-una-computadora-portatil-1536x1025.jpg 1536w, https:\/\/innovatedotic.com\/portalweb\/wp-content\/uploads\/2025\/11\/close-up-mujeres-adultas-navegando-juntas-por-una-computadora-portatil-2048x1367.jpg 2048w, https:\/\/innovatedotic.com\/portalweb\/wp-content\/uploads\/2025\/11\/close-up-mujeres-adultas-navegando-juntas-por-una-computadora-portatil-600x400.jpg 600w\" sizes=\"(max-width: 640px) 100vw, 640px\" \/>                                        <\/a>\n                                                                            <\/div>\n                                    \n                                    <div class=\"news-cont\">\n                                                                                <ul>\n                                                                                            <li><a href=\"https:\/\/innovatedotic.com\/portalweb\/2025\/01\/27\/\"><i class=\"flaticon-calendar\"><\/i>27 enero 2025 <\/a><\/li>\n                                                                                                                                        <li><i class=\"flaticon-user\"><\/i><a href=\"https:\/\/innovatedotic.com\/portalweb\/author\/innovate\/\"> Innovate<\/a><\/li>\n                                                                                    <\/ul>\n                                                                                    <a href=\"https:\/\/innovatedotic.com\/portalweb\/aprueba-la-guia-de-identificacion-humana-a-traves-del-metodo-dactiloscopico\/\"><h3 class=\"news-title\">Aprueba la Gu\u00eda de Identificaci\u00f3n Humana a trav\u00e9s del M\u00e9todo Dactilosc\u00f3pico<\/h3><\/a>\n                                                                                                                            <p>El documento es una resoluci\u00f3n jefatural emitida el 6 de marzo de<\/p>\n                                                                                    \n                                    <\/div>\n                            <\/div> <!-- single news -->\n                        <\/div>\n          \n    \n                            \n                    \n              \n                        <div class=\" edubin-col-12 edubin-col-sm-6 edubin-col-md-6 edubin-col-lg-4 4 \">\n                            <div class=\"single-news\"  data-sal>\n                                                                    <div class=\"news-thum\">\n                                        <a href=\"https:\/\/innovatedotic.com\/portalweb\/guia-para-la-solicitud-de-examenes-complementarios-en-necropsia-medico-legales\/\">\n                                            <img decoding=\"async\" width=\"500\" height=\"419\" src=\"https:\/\/innovatedotic.com\/portalweb\/wp-content\/uploads\/2025\/01\/noticia01.png\" class=\"attachment-medium_large size-medium_large wp-post-image\" alt=\"\" srcset=\"https:\/\/innovatedotic.com\/portalweb\/wp-content\/uploads\/2025\/01\/noticia01.png 500w, https:\/\/innovatedotic.com\/portalweb\/wp-content\/uploads\/2025\/01\/noticia01-300x251.png 300w\" sizes=\"(max-width: 500px) 100vw, 500px\" \/>                                        <\/a>\n                                                                            <\/div>\n                                    \n                                    <div class=\"news-cont\">\n                                                                                <ul>\n                                                                                            <li><a href=\"https:\/\/innovatedotic.com\/portalweb\/2025\/01\/24\/\"><i class=\"flaticon-calendar\"><\/i>24 enero 2025 <\/a><\/li>\n                                                                                                                                        <li><i class=\"flaticon-user\"><\/i><a href=\"https:\/\/innovatedotic.com\/portalweb\/author\/innovate\/\"> Innovate<\/a><\/li>\n                                                                                    <\/ul>\n                                                                                    <a href=\"https:\/\/innovatedotic.com\/portalweb\/guia-para-la-solicitud-de-examenes-complementarios-en-necropsia-medico-legales\/\"><h3 class=\"news-title\">Gu\u00eda para la solicitud de ex\u00e1menes complementarios en Necropsia M\u00e9dico Legales<\/h3><\/a>\n                                                                                                                            <p>Se aprueba la Gu\u00eda para la solicitud de ex\u00e1menes complementarios en Necropsia<\/p>\n                                                                                    \n                                    <\/div>\n                            <\/div> <!-- single news -->\n                        <\/div>\n          \n    \n                            \n                            \n                        <nav class=\"edubin-pagination-wrapper tpc-custom-pagination\" role=\"navigation\" aria-label=\"Posts\">\n                            <div class=\"page-number\">\n                                                            <\/div> <!-- row -->  \n                        <\/nav>\n                                                 <\/div>\n    \n        \n            \t\t\t\t<\/div>\n\t\t\t\t<\/div>\n\t\t\t\t\t<\/div>\n\t\t\t\t<\/div>\n\t\t\t\t<\/div>\n\t\t","protected":false},"excerpt":{"rendered":"<p>09 January 2024 Alex Mohr How to Turn Education into Success Lorem ipsum dolor sit amet, consectetur adipisicing elit, sed do eiusmod tempor 09 January 2024 Hanna Ben What You Should Have Asked Your Teachers Lorem ipsum dolor sit amet, consectetur adipisicing elit, sed do eiusmod tempor 09 January 2024 Mark Alen How to Start&#8230;<\/p>\n","protected":false},"author":1,"featured_media":0,"parent":0,"menu_order":0,"comment_status":"closed","ping_status":"closed","template":"","meta":{"_joinchat":[],"footnotes":""},"class_list":["post-2365","page","type-page","status-publish","hentry"],"_links":{"self":[{"href":"https:\/\/innovatedotic.com\/portalweb\/wp-json\/wp\/v2\/pages\/2365","targetHints":{"allow":["GET"]}}],"collection":[{"href":"https:\/\/innovatedotic.com\/portalweb\/wp-json\/wp\/v2\/pages"}],"about":[{"href":"https:\/\/innovatedotic.com\/portalweb\/wp-json\/wp\/v2\/types\/page"}],"author":[{"embeddable":true,"href":"https:\/\/innovatedotic.com\/portalweb\/wp-json\/wp\/v2\/users\/1"}],"replies":[{"embeddable":true,"href":"https:\/\/innovatedotic.com\/portalweb\/wp-json\/wp\/v2\/comments?post=2365"}],"version-history":[{"count":2,"href":"https:\/\/innovatedotic.com\/portalweb\/wp-json\/wp\/v2\/pages\/2365\/revisions"}],"predecessor-version":[{"id":19584,"href":"https:\/\/innovatedotic.com\/portalweb\/wp-json\/wp\/v2\/pages\/2365\/revisions\/19584"}],"wp:attachment":[{"href":"https:\/\/innovatedotic.com\/portalweb\/wp-json\/wp\/v2\/media?parent=2365"}],"curies":[{"name":"wp","href":"https:\/\/api.w.org\/{rel}","templated":true}]}}