{"id":20437,"date":"2025-11-09T12:30:43","date_gmt":"2025-11-09T17:30:43","guid":{"rendered":"https:\/\/innovatedotic.com\/portalweb\/?post_type=product&#038;p=20437"},"modified":"2025-11-09T12:31:18","modified_gmt":"2025-11-09T17:31:18","slug":"robotica-y-programacion-educativa","status":"publish","type":"product","link":"https:\/\/innovatedotic.com\/portalweb\/cursos\/robotica-y-programacion-educativa\/","title":{"rendered":"Rob\u00f3tica y Programaci\u00f3n Educativa"},"content":{"rendered":"<p><strong>Descripci\u00f3n:<\/strong><br \/>\nIntroduce a los docentes y estudiantes al mundo de la rob\u00f3tica con kits educativos y software de programaci\u00f3n (Scratch, Arduino, mBlock).<br \/>\nDesarrolla pensamiento l\u00f3gico, resoluci\u00f3n de problemas y creatividad.<br \/>\n<strong>Duraci\u00f3n:<\/strong> 60 horas<\/p>\n<p><strong>Certificaci\u00f3n General<\/strong><\/p>\n<p>Todos los cursos de Innovate DoTIC otorgan certificados digitales verificables, con horas acad\u00e9micas y c\u00f3digo QR de autenticidad.<br \/>\nAdem\u00e1s, los programas pueden adaptarse a necesidades institucionales espec\u00edficas (ministerios, colegios, institutos o universidades).<\/p>\n","protected":false},"excerpt":{"rendered":"<p><strong>Descripci\u00f3n:<\/strong><br \/>\nIntroduce a los docentes y estudiantes al mundo de la rob\u00f3tica con kits educativos y software de programaci\u00f3n (Scratch, Arduino, mBlock).<br \/>\nDesarrolla pensamiento l\u00f3gico, resoluci\u00f3n de problemas y creatividad.<br \/>\n<strong>Duraci\u00f3n:<\/strong> 60 horas<\/p>\n<p><strong>Certificaci\u00f3n General<\/strong><\/p>\n<p>Todos los cursos de Innovate DoTIC otorgan certificados digitales verificables, con horas acad\u00e9micas y c\u00f3digo QR de autenticidad.<br \/>\nAdem\u00e1s, los programas pueden adaptarse a necesidades institucionales espec\u00edficas (ministerios, colegios, institutos o universidades).<\/p>\n","protected":false},"featured_media":20409,"comment_status":"open","ping_status":"closed","template":"elementor_theme","meta":{"_joinchat":[]},"product_cat":[100],"product_tag":[],"class_list":{"0":"post-20437","1":"product","2":"type-product","3":"status-publish","4":"has-post-thumbnail","6":"product_cat-cursos","8":"first","9":"instock","10":"sold-individually","11":"shipping-taxable","12":"product-type-external"},"_links":{"self":[{"href":"https:\/\/innovatedotic.com\/portalweb\/wp-json\/wp\/v2\/product\/20437","targetHints":{"allow":["GET"]}}],"collection":[{"href":"https:\/\/innovatedotic.com\/portalweb\/wp-json\/wp\/v2\/product"}],"about":[{"href":"https:\/\/innovatedotic.com\/portalweb\/wp-json\/wp\/v2\/types\/product"}],"replies":[{"embeddable":true,"href":"https:\/\/innovatedotic.com\/portalweb\/wp-json\/wp\/v2\/comments?post=20437"}],"version-history":[{"count":1,"href":"https:\/\/innovatedotic.com\/portalweb\/wp-json\/wp\/v2\/product\/20437\/revisions"}],"predecessor-version":[{"id":20438,"href":"https:\/\/innovatedotic.com\/portalweb\/wp-json\/wp\/v2\/product\/20437\/revisions\/20438"}],"wp:featuredmedia":[{"embeddable":true,"href":"https:\/\/innovatedotic.com\/portalweb\/wp-json\/wp\/v2\/media\/20409"}],"wp:attachment":[{"href":"https:\/\/innovatedotic.com\/portalweb\/wp-json\/wp\/v2\/media?parent=20437"}],"wp:term":[{"taxonomy":"product_cat","embeddable":true,"href":"https:\/\/innovatedotic.com\/portalweb\/wp-json\/wp\/v2\/product_cat?post=20437"},{"taxonomy":"product_tag","embeddable":true,"href":"https:\/\/innovatedotic.com\/portalweb\/wp-json\/wp\/v2\/product_tag?post=20437"}],"curies":[{"name":"wp","href":"https:\/\/api.w.org\/{rel}","templated":true}]}}