{"id":20451,"date":"2025-11-09T12:37:03","date_gmt":"2025-11-09T17:37:03","guid":{"rendered":"https:\/\/innovatedotic.com\/portalweb\/?post_type=product&#038;p=20451"},"modified":"2025-11-09T20:46:54","modified_gmt":"2025-11-10T01:46:54","slug":"computacion-basica-e-internet-seguro","status":"publish","type":"product","link":"https:\/\/innovatedotic.com\/portalweb\/cursos\/computacion-basica-e-internet-seguro\/","title":{"rendered":"Computaci\u00f3n B\u00e1sica e Internet Seguro"},"content":{"rendered":"<p><strong>Descripci\u00f3n:<\/strong><br \/>\nIntroduce el manejo del sistema operativo, uso del navegador, correo electr\u00f3nico, videoconferencias y medidas de seguridad para prevenir fraudes digitales.<br \/>\n<strong>Duraci\u00f3n:<\/strong> 30 horas<\/p>\n<p><strong>Certificaci\u00f3n General<\/strong><\/p>\n<p>Todos los cursos de Innovate DoTIC otorgan certificados digitales verificables, con horas acad\u00e9micas y c\u00f3digo QR de autenticidad.<br \/>\nAdem\u00e1s, los programas pueden adaptarse a necesidades institucionales espec\u00edficas (ministerios, colegios, institutos o universidades).<\/p>\n","protected":false},"excerpt":{"rendered":"<p><strong>Descripci\u00f3n:<\/strong><br \/>\nIntroduce el manejo del sistema operativo, uso del navegador, correo electr\u00f3nico, videoconferencias y medidas de seguridad para prevenir fraudes digitales.<br \/>\n<strong>Duraci\u00f3n:<\/strong> 30 horas<\/p>\n<p><strong>Certificaci\u00f3n General<\/strong><\/p>\n<p>Todos los cursos de Innovate DoTIC otorgan certificados digitales verificables, con horas acad\u00e9micas y c\u00f3digo QR de autenticidad.<br \/>\nAdem\u00e1s, los programas pueden adaptarse a necesidades institucionales espec\u00edficas (ministerios, colegios, institutos o universidades).<\/p>\n","protected":false},"featured_media":20496,"comment_status":"open","ping_status":"closed","template":"elementor_theme","meta":{"_joinchat":[]},"product_cat":[100],"product_tag":[],"class_list":{"0":"post-20451","1":"product","2":"type-product","3":"status-publish","4":"has-post-thumbnail","6":"product_cat-cursos","8":"first","9":"instock","10":"sold-individually","11":"shipping-taxable","12":"product-type-external"},"_links":{"self":[{"href":"https:\/\/innovatedotic.com\/portalweb\/wp-json\/wp\/v2\/product\/20451","targetHints":{"allow":["GET"]}}],"collection":[{"href":"https:\/\/innovatedotic.com\/portalweb\/wp-json\/wp\/v2\/product"}],"about":[{"href":"https:\/\/innovatedotic.com\/portalweb\/wp-json\/wp\/v2\/types\/product"}],"replies":[{"embeddable":true,"href":"https:\/\/innovatedotic.com\/portalweb\/wp-json\/wp\/v2\/comments?post=20451"}],"version-history":[{"count":1,"href":"https:\/\/innovatedotic.com\/portalweb\/wp-json\/wp\/v2\/product\/20451\/revisions"}],"predecessor-version":[{"id":20452,"href":"https:\/\/innovatedotic.com\/portalweb\/wp-json\/wp\/v2\/product\/20451\/revisions\/20452"}],"wp:featuredmedia":[{"embeddable":true,"href":"https:\/\/innovatedotic.com\/portalweb\/wp-json\/wp\/v2\/media\/20496"}],"wp:attachment":[{"href":"https:\/\/innovatedotic.com\/portalweb\/wp-json\/wp\/v2\/media?parent=20451"}],"wp:term":[{"taxonomy":"product_cat","embeddable":true,"href":"https:\/\/innovatedotic.com\/portalweb\/wp-json\/wp\/v2\/product_cat?post=20451"},{"taxonomy":"product_tag","embeddable":true,"href":"https:\/\/innovatedotic.com\/portalweb\/wp-json\/wp\/v2\/product_tag?post=20451"}],"curies":[{"name":"wp","href":"https:\/\/api.w.org\/{rel}","templated":true}]}}