{"id":20465,"date":"2025-11-09T12:42:38","date_gmt":"2025-11-09T17:42:38","guid":{"rendered":"https:\/\/innovatedotic.com\/portalweb\/?post_type=product&#038;p=20465"},"modified":"2025-11-09T12:43:12","modified_gmt":"2025-11-09T17:43:12","slug":"pastoral-educativa-en-la-era-digital","status":"publish","type":"product","link":"https:\/\/innovatedotic.com\/portalweb\/cursos\/pastoral-educativa-en-la-era-digital\/","title":{"rendered":"Pastoral Educativa en la Era Digital"},"content":{"rendered":"<p><strong>Descripci\u00f3n:<br \/>\n<\/strong>Prepara a pastores y docentes para acompa\u00f1ar espiritualmente a estudiantes en entornos digitales, fomentando la empat\u00eda, la \u00e9tica y el discipulado online.<br \/>\n<strong>Duraci\u00f3n:<\/strong> 35 horas<\/p>\n<p><strong>Certificaci\u00f3n General<\/strong><\/p>\n<p>Todos los cursos de Innovate DoTIC otorgan certificados digitales verificables, con horas acad\u00e9micas y c\u00f3digo QR de autenticidad.<br \/>\nAdem\u00e1s, los programas pueden adaptarse a necesidades institucionales espec\u00edficas (ministerios, colegios, institutos o universidades).<\/p>\n","protected":false},"excerpt":{"rendered":"<p><strong>Descripci\u00f3n:<br \/>\n<\/strong>Prepara a pastores y docentes para acompa\u00f1ar espiritualmente a estudiantes en entornos digitales, fomentando la empat\u00eda, la \u00e9tica y el discipulado online.<br \/>\n<strong>Duraci\u00f3n:<\/strong> 35 horas<\/p>\n<p><strong>Certificaci\u00f3n General<\/strong><\/p>\n<p>Todos los cursos de Innovate DoTIC otorgan certificados digitales verificables, con horas acad\u00e9micas y c\u00f3digo QR de autenticidad.<br \/>\nAdem\u00e1s, los programas pueden adaptarse a necesidades institucionales espec\u00edficas (ministerios, colegios, institutos o universidades).<\/p>\n","protected":false},"featured_media":20409,"comment_status":"open","ping_status":"closed","template":"elementor_theme","meta":{"_joinchat":[]},"product_cat":[100],"product_tag":[],"class_list":{"0":"post-20465","1":"product","2":"type-product","3":"status-publish","4":"has-post-thumbnail","6":"product_cat-cursos","8":"first","9":"instock","10":"sold-individually","11":"shipping-taxable","12":"product-type-external"},"_links":{"self":[{"href":"https:\/\/innovatedotic.com\/portalweb\/wp-json\/wp\/v2\/product\/20465","targetHints":{"allow":["GET"]}}],"collection":[{"href":"https:\/\/innovatedotic.com\/portalweb\/wp-json\/wp\/v2\/product"}],"about":[{"href":"https:\/\/innovatedotic.com\/portalweb\/wp-json\/wp\/v2\/types\/product"}],"replies":[{"embeddable":true,"href":"https:\/\/innovatedotic.com\/portalweb\/wp-json\/wp\/v2\/comments?post=20465"}],"version-history":[{"count":1,"href":"https:\/\/innovatedotic.com\/portalweb\/wp-json\/wp\/v2\/product\/20465\/revisions"}],"predecessor-version":[{"id":20466,"href":"https:\/\/innovatedotic.com\/portalweb\/wp-json\/wp\/v2\/product\/20465\/revisions\/20466"}],"wp:featuredmedia":[{"embeddable":true,"href":"https:\/\/innovatedotic.com\/portalweb\/wp-json\/wp\/v2\/media\/20409"}],"wp:attachment":[{"href":"https:\/\/innovatedotic.com\/portalweb\/wp-json\/wp\/v2\/media?parent=20465"}],"wp:term":[{"taxonomy":"product_cat","embeddable":true,"href":"https:\/\/innovatedotic.com\/portalweb\/wp-json\/wp\/v2\/product_cat?post=20465"},{"taxonomy":"product_tag","embeddable":true,"href":"https:\/\/innovatedotic.com\/portalweb\/wp-json\/wp\/v2\/product_tag?post=20465"}],"curies":[{"name":"wp","href":"https:\/\/api.w.org\/{rel}","templated":true}]}}